{"id":305,"date":"2023-06-30T23:08:50","date_gmt":"2023-06-30T23:08:50","guid":{"rendered":"https:\/\/bel-educacion.com\/?page_id=305"},"modified":"2023-07-18T02:28:55","modified_gmt":"2023-07-18T02:28:55","slug":"nuestro-equipo","status":"publish","type":"page","link":"https:\/\/bel-educacion.com\/index.php\/nuestro-equipo\/","title":{"rendered":"Nuestro Equipo"},"content":{"rendered":"<p>[et_pb_section fb_built=&#8221;1&#8243; inner_shadow=&#8221;on&#8221; admin_label=&#8221;Hero&#8221; _builder_version=&#8221;4.7.7&#8243; background_color=&#8221;#225baf&#8221; use_background_color_gradient=&#8221;on&#8221; background_color_gradient_start=&#8221;#0c71c3&#8243; background_color_gradient_end=&#8221;rgba(36,36,117,0.6)&#8221; background_color_gradient_direction=&#8221;34deg&#8221; background_color_gradient_start_position=&#8221;20%&#8221; background_color_gradient_end_position=&#8221;54%&#8221; background_color_gradient_overlays_image=&#8221;on&#8221; background_image=&#8221;https:\/\/bel-educacion.com\/wp-content\/uploads\/2023\/07\/grupo-personas-trabajando-plan-negocios-oficina-1-scaled.jpg&#8221; custom_margin=&#8221;|||&#8221; custom_padding=&#8221;346px||0px|||&#8221; box_shadow_style=&#8221;preset4&#8243; box_shadow_horizontal=&#8221;0px&#8221; box_shadow_vertical=&#8221;-100px&#8221; box_shadow_color=&#8221;#ffffff&#8221; box_shadow_position=&#8221;inner&#8221;][\/et_pb_section][et_pb_section fb_built=&#8221;1&#8243; admin_label=&#8221;About&#8221; _builder_version=&#8221;3.22&#8243;][et_pb_row _builder_version=&#8221;3.25&#8243; custom_margin=&#8221;-43px|auto||auto||&#8221; custom_padding=&#8221;0px||0px|||&#8221;][et_pb_column type=&#8221;4_4&#8243; _builder_version=&#8221;3.25&#8243; custom_padding=&#8221;|||&#8221; custom_padding__hover=&#8221;|||&#8221;][et_pb_text _builder_version=&#8221;4.7.7&#8243; text_font=&#8221;Montserrat|700||on|||||&#8221; text_font_size=&#8221;20px&#8221; header_font=&#8221;||||||||&#8221; header_2_font=&#8221;Montserrat|500|||||||&#8221; header_2_font_size=&#8221;30px&#8221; text_orientation=&#8221;center&#8221; custom_margin=&#8221;||-3px|||&#8221; custom_padding=&#8221;||4px|||&#8221;]<\/p>\n<p>Nuestra Misi\u00f3n<\/p>\n<p>[\/et_pb_text][et_pb_divider color=&#8221;#225baf&#8221; divider_weight=&#8221;6px&#8221; _builder_version=&#8221;4.7.7&#8243; _module_preset=&#8221;default&#8221; background_enable_color=&#8221;off&#8221; width=&#8221;15%&#8221; module_alignment=&#8221;center&#8221;][\/et_pb_divider][\/et_pb_column][\/et_pb_row][et_pb_row _builder_version=&#8221;4.7.7&#8243; _module_preset=&#8221;default&#8221; custom_padding=&#8221;3px|||||&#8221;][et_pb_column type=&#8221;4_4&#8243; _builder_version=&#8221;4.7.7&#8243; _module_preset=&#8221;default&#8221;][et_pb_text _builder_version=&#8221;4.7.7&#8243; _module_preset=&#8221;default&#8221; text_orientation=&#8221;center&#8221; custom_margin=&#8221;||48px|||&#8221;]<\/p>\n<p>Nuestra misi\u00f3n en BYL GLOBAL EDUCATION es brindar servicios acad\u00e9micos de alto impacto en el \u00e1mbito variado de la actividad f\u00edsica, el entrenamiento deportivo, el liderazgo, el marketing, ciencias sociales, las nuevas tecnolog\u00edas de la informaci\u00f3n y la comunicaci\u00f3n y el derecho. Nos esforzamos por ofrecer a nuestros estudiantes las herramientas y conocimientos necesarios para que puedan sobresalir en estas \u00e1reas, fomentando el desarrollo de habilidades pr\u00e1cticas y te\u00f3ricas, y promoviendo una mentalidad innovadora y emprendedora.<\/p>\n<p>[\/et_pb_text][et_pb_text _builder_version=&#8221;4.7.7&#8243; text_font=&#8221;Montserrat|700||on|||||&#8221; text_font_size=&#8221;20px&#8221; header_font=&#8221;||||||||&#8221; header_2_font=&#8221;Montserrat|500|||||||&#8221; header_2_font_size=&#8221;30px&#8221; text_orientation=&#8221;center&#8221; custom_margin=&#8221;||0px|||&#8221; custom_padding=&#8221;4px||0px|||&#8221;]<\/p>\n<p>Nuestra Visi\u00f3n<\/p>\n<p>[\/et_pb_text][et_pb_divider color=&#8221;#66f94b&#8221; divider_weight=&#8221;6px&#8221; _builder_version=&#8221;4.7.7&#8243; _module_preset=&#8221;default&#8221; background_enable_color=&#8221;off&#8221; width=&#8221;15%&#8221; module_alignment=&#8221;center&#8221;][\/et_pb_divider][et_pb_text _builder_version=&#8221;4.7.7&#8243; _module_preset=&#8221;default&#8221; header_font=&#8221;Montserrat||||||||&#8221; header_text_align=&#8221;center&#8221; custom_margin=&#8221;-27px|||||&#8221;]<\/p>\n<p style=\"text-align: center;\">En BYL GLOBAL EDUCATION, nuestra visi\u00f3n es convertirnos en l\u00edderes globales en la formaci\u00f3n acad\u00e9mica relacionada con el deporte y sus disciplinas afines. Nos esforzamos por ser reconocidos como una instituci\u00f3n de renombre, que se distingue por su excelencia acad\u00e9mica, sus programas innovadores y su enfoque centrado en el estudiante. Buscamos ser pioneros en la integraci\u00f3n de la tecnolog\u00eda m\u00e1s avanzada en nuestra ense\u00f1anza, brindando a nuestros estudiantes una experiencia educativa enriquecedora y adaptable a las demandas del mundo actual.<\/p>\n<p>[\/et_pb_text][\/et_pb_column][\/et_pb_row][\/et_pb_section][et_pb_section fb_built=&#8221;1&#8243; admin_label=&#8221;Team&#8221; _builder_version=&#8221;4.7.7&#8243; background_color=&#8221;#0c71c3&#8243;][et_pb_row _builder_version=&#8221;3.25&#8243; locked=&#8221;off&#8221;][et_pb_column type=&#8221;4_4&#8243; _builder_version=&#8221;3.25&#8243; custom_padding=&#8221;|||&#8221; custom_padding__hover=&#8221;|||&#8221;][et_pb_text _builder_version=&#8221;4.7.7&#8243; text_font=&#8221;Montserrat|700|||||||&#8221; text_text_color=&#8221;#ffffff&#8221; text_font_size=&#8221;28px&#8221; header_font=&#8221;Montserrat|700||on|||||&#8221; header_text_color=&#8221;#ffffff&#8221; header_2_font=&#8221;Montserrat|500|||||||&#8221; header_2_text_align=&#8221;center&#8221; header_2_font_size=&#8221;30px&#8221; text_orientation=&#8221;center&#8221;]<\/p>\n<p>Nuestro Equipo<\/p>\n<p>[\/et_pb_text][\/et_pb_column][\/et_pb_row][et_pb_row column_structure=&#8221;1_3,1_3,1_3&#8243; _builder_version=&#8221;4.7.7&#8243; hover_enabled=&#8221;0&#8243; sticky_enabled=&#8221;0&#8243;][et_pb_column type=&#8221;1_3&#8243; _builder_version=&#8221;4.7.7&#8243; custom_padding=&#8221;|||&#8221; custom_padding__hover=&#8221;|||&#8221;][et_pb_team_member name=&#8221;Blas Joel Juanes Giraud&#8221; image_url=&#8221;https:\/\/bel-educacion.com\/wp-content\/uploads\/2023\/07\/JOELMesa-de-trabajo-11bn1.png&#8221; facebook_url=&#8221;https:\/\/www.facebook.com\/profile.php?id=100010657698440&#038;mibextid=ZbWKwL&#8221; twitter_url=&#8221;#&#8221; linkedin_url=&#8221;#&#8221; icon_color=&#8221;#e4e6f0&#8243; _builder_version=&#8221;4.7.7&#8243; header_font=&#8221;Montserrat|600|||||||&#8221; header_font_size=&#8221;16px&#8221; header_line_height=&#8221;1.8em&#8221; body_font=&#8221;Montserrat|300|||||||&#8221; body_font_size=&#8221;12px&#8221; body_line_height=&#8221;1.8em&#8221; text_orientation=&#8221;center&#8221; background_layout=&#8221;dark&#8221; hover_enabled=&#8221;0&#8243; position=&#8221;Presidente&#8221; sticky_enabled=&#8221;0&#8243; title_text=&#8221;JOELMesa de trabajo 11bn1&#8243;]<\/p>\n<p>Dr. En Aportaciones Educativas en Ciencias Sociales y Humanas<br \/> MSc. En Actividad f\u00edsica en la Comunidad<br \/> Lic. En Cultura F\u00edsica<br \/> Diplomado en Comunicaci\u00f3n Asertiva<br \/> Diplomado sobre Gesti\u00f3n de Proyectos<\/p>\n<p>[\/et_pb_team_member][\/et_pb_column][et_pb_column type=&#8221;1_3&#8243; _builder_version=&#8221;4.7.7&#8243; custom_padding=&#8221;|||&#8221; custom_padding__hover=&#8221;|||&#8221;][et_pb_team_member name=&#8221;Eli Samuel Atagua&#8221; image_url=&#8221;https:\/\/bel-educacion.com\/wp-content\/uploads\/2023\/07\/eLiMesa-de-trabajo-11bn1.png&#8221; facebook_url=&#8221;https:\/\/www.facebook.com\/Samuel.atagua\/&#8221; twitter_url=&#8221;#&#8221; linkedin_url=&#8221;https:\/\/www.linkedin.com\/in\/eli-samuel-atagua-aa7021117\/&#8221; icon_color=&#8221;#e4e6f0&#8243; _builder_version=&#8221;4.7.7&#8243; header_font=&#8221;Montserrat|600|||||||&#8221; header_font_size=&#8221;16px&#8221; header_line_height=&#8221;1.8em&#8221; body_font=&#8221;Montserrat|300|||||||&#8221; body_font_size=&#8221;12px&#8221; body_line_height=&#8221;1.8em&#8221; text_orientation=&#8221;center&#8221; background_layout=&#8221;dark&#8221; hover_enabled=&#8221;0&#8243; position=&#8221;Cordinador de MArketing y Ventas &#8221; sticky_enabled=&#8221;0&#8243; title_text=&#8221;eLiMesa de trabajo 11bn1&#8243; header_text_align=&#8221;center&#8221; body_text_align=&#8221;center&#8221;]<\/p>\n<p>\u00a0 \u00a0 \u00a0 \u00a0 \u00a0 Dise\u00f1ador Gr\u00e1fico \/ Dise\u00f1ador Web\u00a0 \u00a0 \u00a0 \u00a0\u00a0<\/p>\n<p>\u00a0 \u00a0 \u00a0Community manager<\/p>\n<p>[\/et_pb_team_member][\/et_pb_column][et_pb_column type=&#8221;1_3&#8243; _builder_version=&#8221;3.25&#8243; custom_padding=&#8221;|||&#8221; custom_padding__hover=&#8221;|||&#8221;][et_pb_team_member name=&#8221;Jane Cole&#8221; image_url=&#8221;https:\/\/bel-educacion.com\/wp-content\/uploads\/2023\/07\/portrait-11.jpg&#8221; facebook_url=&#8221;#&#8221; twitter_url=&#8221;#&#8221; linkedin_url=&#8221;#&#8221; icon_color=&#8221;#e4e6f0&#8243; _builder_version=&#8221;4.7.7&#8243; header_font=&#8221;Montserrat|500|||||||&#8221; header_font_size=&#8221;20px&#8221; header_line_height=&#8221;1.8em&#8221; body_font=&#8221;Montserrat|300|||||||&#8221; body_font_size=&#8221;17px&#8221; body_line_height=&#8221;1.8em&#8221; text_orientation=&#8221;center&#8221; background_layout=&#8221;dark&#8221;]Lorem ipsum dolor sit amet, consectetuer adipiscing elit sht<br \/>\n[\/et_pb_team_member][\/et_pb_column][\/et_pb_row][\/et_pb_section][et_pb_section fb_built=&#8221;1&#8243; _builder_version=&#8221;4.7.7&#8243; _module_preset=&#8221;default&#8221;][et_pb_row _builder_version=&#8221;4.7.7&#8243; _module_preset=&#8221;default&#8221;][et_pb_column type=&#8221;4_4&#8243; _builder_version=&#8221;4.7.7&#8243; _module_preset=&#8221;default&#8221;][et_pb_text _builder_version=&#8221;4.7.7&#8243; _module_preset=&#8221;default&#8221; text_font=&#8221;Montserrat|700||on|||||&#8221; text_font_size=&#8221;20px&#8221; text_orientation=&#8221;center&#8221;]<\/p>\n<p>Nuestros Valores<\/p>\n<p>[\/et_pb_text][et_pb_text _builder_version=&#8221;4.7.7&#8243; _module_preset=&#8221;default&#8221;]<\/p>\n<ol>\n<li><strong>Excelencia acad\u00e9mica<\/strong>: Nos comprometemos a proporcionar programas educativos de alta calidad y a fomentar la excelencia en la ense\u00f1anza y el aprendizaje.<\/li>\n<li><strong>Innovaci\u00f3n<\/strong>: Buscamos constantemente nuevas formas de mejorar nuestros programas y utilizar tecnolog\u00eda de vanguardia para enriquecer la experiencia de nuestros estudiantes.<\/li>\n<li><strong>Orientaci\u00f3n al estudiante<\/strong>: Colocamos a nuestros estudiantes en el centro de todo lo que hacemos, brindando apoyo y orientaci\u00f3n individualizada para su \u00e9xito acad\u00e9mico y personal.<\/li>\n<li><strong>Colaboraci\u00f3n<\/strong>: Fomentamos un ambiente colaborativo y de trabajo en equipo, promoviendo el intercambio de conocimientos y experiencias entre estudiantes, profesores y profesionales del deporte.<\/li>\n<li><strong>\u00c9tica y responsabilidad<\/strong>: Valoramos la integridad, la \u00e9tica y la responsabilidad en todas nuestras acciones y decisiones, promoviendo la honestidad y la transparencia en nuestra comunidad educativa.<\/li>\n<li><strong>Accesibilidad e Inclusividad<\/strong>: Nos comprometemos a garantizar programas acad\u00e9micos sean accesibles para todos los estudiantes, en un entorno inclusivo que celebra la diversidad y respeta las necesidades individuales, brindando oportunidades equitativas de aprendizaje y participaci\u00f3n para todos los estudiantes.<\/li>\n<\/ol>\n<p>[\/et_pb_text][\/et_pb_column][\/et_pb_row][\/et_pb_section][et_pb_section fb_built=&#8221;1&#8243; admin_label=&#8221;Register&#8221; _builder_version=&#8221;3.22&#8243; use_background_color_gradient=&#8221;on&#8221; background_color_gradient_start=&#8221;#4866ff&#8221; background_color_gradient_end=&#8221;rgba(72,102,255,0.9)&#8221; background_color_gradient_direction=&#8221;240deg&#8221; background_color_gradient_overlays_image=&#8221;on&#8221; background_image=&#8221;https:\/\/bel-educacion.com\/wp-content\/uploads\/2023\/06\/running_image_04.jpg&#8221; background_position=&#8221;top_center&#8221; custom_padding=&#8221;90px||90px|&#8221; animation_style=&#8221;slide&#8221; animation_direction=&#8221;bottom&#8221; animation_intensity_slide=&#8221;10%&#8221; animation_starting_opacity=&#8221;100%&#8221;][et_pb_row _builder_version=&#8221;3.25&#8243;][et_pb_column type=&#8221;4_4&#8243; _builder_version=&#8221;3.25&#8243; custom_padding=&#8221;|||&#8221; custom_padding__hover=&#8221;|||&#8221;][et_pb_text admin_label=&#8221;Title&#8221; _builder_version=&#8221;4.7.7&#8243; text_font=&#8221;||||||||&#8221; header_font=&#8221;||||||||&#8221; header_2_font=&#8221;Montserrat|500|||||||&#8221; header_2_text_align=&#8221;center&#8221; header_2_font_size=&#8221;30px&#8221; background_layout=&#8221;dark&#8221; animation_style=&#8221;fade&#8221;]<\/p>\n<h2>Recibir noticias\u00a0<\/h2>\n<p>[\/et_pb_text][et_pb_divider color=&#8221;#ffffff&#8221; divider_weight=&#8221;3px&#8221; _builder_version=&#8221;3.2&#8243; max_width=&#8221;80px&#8221; module_alignment=&#8221;center&#8221; animation_style=&#8221;fade&#8221;][\/et_pb_divider][et_pb_contact_form email=&#8221;Ventas@bel-educacion.com&#8221; custom_message=&#8221;Nombre: %%Name%%||et_pb_line_break_holder||Direcci\u00f3n de correo electronico: %%Email%%||et_pb_line_break_holder||Tel\u00e9fono: %%Tel\u00e9fono%%||et_pb_line_break_holder||Mensaje: %%Message%%&#8221; _builder_version=&#8221;4.7.7&#8243; _module_preset=&#8221;default&#8221; title_font=&#8221;Montserrat||||||||&#8221; title_text_color=&#8221;#ffffff&#8221; form_field_font=&#8221;Montserrat||||||||&#8221;][et_pb_contact_field field_id=&#8221;Name&#8221; field_title=&#8221;Nombre&#8221; _builder_version=&#8221;3.16&#8243; button_text_size__hover_enabled=&#8221;off&#8221; button_one_text_size__hover_enabled=&#8221;off&#8221; button_two_text_size__hover_enabled=&#8221;off&#8221; button_text_color__hover_enabled=&#8221;off&#8221; button_one_text_color__hover_enabled=&#8221;off&#8221; button_two_text_color__hover_enabled=&#8221;off&#8221; button_border_width__hover_enabled=&#8221;off&#8221; button_one_border_width__hover_enabled=&#8221;off&#8221; button_two_border_width__hover_enabled=&#8221;off&#8221; button_border_color__hover_enabled=&#8221;off&#8221; button_one_border_color__hover_enabled=&#8221;off&#8221; button_two_border_color__hover_enabled=&#8221;off&#8221; button_border_radius__hover_enabled=&#8221;off&#8221; button_one_border_radius__hover_enabled=&#8221;off&#8221; button_two_border_radius__hover_enabled=&#8221;off&#8221; button_letter_spacing__hover_enabled=&#8221;off&#8221; button_one_letter_spacing__hover_enabled=&#8221;off&#8221; button_two_letter_spacing__hover_enabled=&#8221;off&#8221; button_bg_color__hover_enabled=&#8221;off&#8221; button_one_bg_color__hover_enabled=&#8221;off&#8221; button_two_bg_color__hover_enabled=&#8221;off&#8221;][\/et_pb_contact_field][et_pb_contact_field field_id=&#8221;Email&#8221; field_title=&#8221;Direcci\u00f3n de correo electr\u00f3nico&#8221; field_type=&#8221;email&#8221; _builder_version=&#8221;3.16&#8243; button_text_size__hover_enabled=&#8221;off&#8221; button_one_text_size__hover_enabled=&#8221;off&#8221; button_two_text_size__hover_enabled=&#8221;off&#8221; button_text_color__hover_enabled=&#8221;off&#8221; button_one_text_color__hover_enabled=&#8221;off&#8221; button_two_text_color__hover_enabled=&#8221;off&#8221; button_border_width__hover_enabled=&#8221;off&#8221; button_one_border_width__hover_enabled=&#8221;off&#8221; button_two_border_width__hover_enabled=&#8221;off&#8221; button_border_color__hover_enabled=&#8221;off&#8221; button_one_border_color__hover_enabled=&#8221;off&#8221; button_two_border_color__hover_enabled=&#8221;off&#8221; button_border_radius__hover_enabled=&#8221;off&#8221; button_one_border_radius__hover_enabled=&#8221;off&#8221; button_two_border_radius__hover_enabled=&#8221;off&#8221; button_letter_spacing__hover_enabled=&#8221;off&#8221; button_one_letter_spacing__hover_enabled=&#8221;off&#8221; button_two_letter_spacing__hover_enabled=&#8221;off&#8221; button_bg_color__hover_enabled=&#8221;off&#8221; button_one_bg_color__hover_enabled=&#8221;off&#8221; button_two_bg_color__hover_enabled=&#8221;off&#8221;][\/et_pb_contact_field][et_pb_contact_field field_id=&#8221;Tel\u00e9fono&#8221; field_title=&#8221;Tel\u00e9fono&#8221; fullwidth_field=&#8221;on&#8221; _builder_version=&#8221;4.7.7&#8243; _module_preset=&#8221;default&#8221;][\/et_pb_contact_field][et_pb_contact_field field_id=&#8221;Message&#8221; field_title=&#8221;Mensaje&#8221; field_type=&#8221;text&#8221; fullwidth_field=&#8221;on&#8221; _builder_version=&#8221;3.16&#8243; button_text_size__hover_enabled=&#8221;off&#8221; button_one_text_size__hover_enabled=&#8221;off&#8221; button_two_text_size__hover_enabled=&#8221;off&#8221; button_text_color__hover_enabled=&#8221;off&#8221; button_one_text_color__hover_enabled=&#8221;off&#8221; button_two_text_color__hover_enabled=&#8221;off&#8221; button_border_width__hover_enabled=&#8221;off&#8221; button_one_border_width__hover_enabled=&#8221;off&#8221; button_two_border_width__hover_enabled=&#8221;off&#8221; button_border_color__hover_enabled=&#8221;off&#8221; button_one_border_color__hover_enabled=&#8221;off&#8221; button_two_border_color__hover_enabled=&#8221;off&#8221; button_border_radius__hover_enabled=&#8221;off&#8221; button_one_border_radius__hover_enabled=&#8221;off&#8221; button_two_border_radius__hover_enabled=&#8221;off&#8221; button_letter_spacing__hover_enabled=&#8221;off&#8221; button_one_letter_spacing__hover_enabled=&#8221;off&#8221; button_two_letter_spacing__hover_enabled=&#8221;off&#8221; button_bg_color__hover_enabled=&#8221;off&#8221; button_one_bg_color__hover_enabled=&#8221;off&#8221; button_two_bg_color__hover_enabled=&#8221;off&#8221;][\/et_pb_contact_field][\/et_pb_contact_form][et_pb_button button_text=&#8221;Registrarme&#8221; button_alignment=&#8221;center&#8221; _builder_version=&#8221;4.7.7&#8243; custom_button=&#8221;on&#8221; button_text_size=&#8221;14px&#8221; button_bg_color=&#8221;rgba(0,0,0,0.1)&#8221; button_border_width=&#8221;0px&#8221; button_border_color=&#8221;#405ce6&#8243; button_border_radius=&#8221;55px&#8221; button_font=&#8221;Montserrat|500||on|||||&#8221; background_layout=&#8221;dark&#8221; custom_margin=&#8221;20px|||&#8221; custom_padding=&#8221;20px|45px|20px|45px&#8221; button_text_size__hover_enabled=&#8221;off&#8221; button_one_text_size__hover_enabled=&#8221;off&#8221; button_two_text_size__hover_enabled=&#8221;off&#8221; button_text_color__hover_enabled=&#8221;off&#8221; button_one_text_color__hover_enabled=&#8221;off&#8221; button_two_text_color__hover_enabled=&#8221;off&#8221; button_border_width__hover_enabled=&#8221;off&#8221; button_one_border_width__hover_enabled=&#8221;off&#8221; button_two_border_width__hover_enabled=&#8221;off&#8221; button_border_color__hover_enabled=&#8221;off&#8221; button_one_border_color__hover_enabled=&#8221;off&#8221; button_two_border_color__hover_enabled=&#8221;off&#8221; button_border_radius__hover_enabled=&#8221;off&#8221; button_one_border_radius__hover_enabled=&#8221;off&#8221; button_two_border_radius__hover_enabled=&#8221;off&#8221; button_letter_spacing__hover_enabled=&#8221;off&#8221; button_one_letter_spacing__hover_enabled=&#8221;off&#8221; button_two_letter_spacing__hover_enabled=&#8221;off&#8221; button_bg_color__hover_enabled=&#8221;off&#8221; button_one_bg_color__hover_enabled=&#8221;off&#8221; button_two_bg_color__hover_enabled=&#8221;off&#8221;][\/et_pb_button][\/et_pb_column][\/et_pb_row][\/et_pb_section]<\/p>\n","protected":false},"excerpt":{"rendered":"<p>[et_pb_section fb_built=&#8221;1&#8243; inner_shadow=&#8221;on&#8221; admin_label=&#8221;Hero&#8221; _builder_version=&#8221;4.7.7&#8243; background_color=&#8221;#225baf&#8221; use_background_color_gradient=&#8221;on&#8221; background_color_gradient_start=&#8221;#0c71c3&#8243; background_color_gradient_end=&#8221;rgba(36,36,117,0.6)&#8221; background_color_gradient_direction=&#8221;34deg&#8221; background_color_gradient_start_position=&#8221;20%&#8221; background_color_gradient_end_position=&#8221;54%&#8221; background_color_gradient_overlays_image=&#8221;on&#8221; background_image=&#8221;https:\/\/bel-educacion.com\/wp-content\/uploads\/2023\/07\/grupo-personas-trabajando-plan-negocios-oficina-1-scaled.jpg&#8221; custom_margin=&#8221;|||&#8221; custom_padding=&#8221;346px||0px|||&#8221; box_shadow_style=&#8221;preset4&#8243; box_shadow_horizontal=&#8221;0px&#8221; box_shadow_vertical=&#8221;-100px&#8221; box_shadow_color=&#8221;#ffffff&#8221; box_shadow_position=&#8221;inner&#8221;][\/et_pb_section][et_pb_section fb_built=&#8221;1&#8243; admin_label=&#8221;About&#8221; _builder_version=&#8221;3.22&#8243;][et_pb_row _builder_version=&#8221;3.25&#8243; custom_margin=&#8221;-43px|auto||auto||&#8221; custom_padding=&#8221;0px||0px|||&#8221;][et_pb_column type=&#8221;4_4&#8243; _builder_version=&#8221;3.25&#8243; custom_padding=&#8221;|||&#8221; custom_padding__hover=&#8221;|||&#8221;][et_pb_text _builder_version=&#8221;4.7.7&#8243; text_font=&#8221;Montserrat|700||on|||||&#8221; text_font_size=&#8221;20px&#8221; header_font=&#8221;||||||||&#8221; header_2_font=&#8221;Montserrat|500|||||||&#8221; header_2_font_size=&#8221;30px&#8221; text_orientation=&#8221;center&#8221; custom_margin=&#8221;||-3px|||&#8221; custom_padding=&#8221;||4px|||&#8221;] Nuestra Misi\u00f3n [\/et_pb_text][et_pb_divider color=&#8221;#225baf&#8221; divider_weight=&#8221;6px&#8221; _builder_version=&#8221;4.7.7&#8243; _module_preset=&#8221;default&#8221; background_enable_color=&#8221;off&#8221; width=&#8221;15%&#8221; module_alignment=&#8221;center&#8221;][\/et_pb_divider][\/et_pb_column][\/et_pb_row][et_pb_row _builder_version=&#8221;4.7.7&#8243; _module_preset=&#8221;default&#8221; custom_padding=&#8221;3px|||||&#8221;][et_pb_column type=&#8221;4_4&#8243; _builder_version=&#8221;4.7.7&#8243; [&hellip;]<\/p>\n","protected":false},"author":1,"featured_media":0,"parent":0,"menu_order":0,"comment_status":"closed","ping_status":"closed","template":"","meta":{"_et_pb_use_builder":"on","_et_pb_old_content":"","_et_gb_content_width":"","footnotes":""},"class_list":["post-305","page","type-page","status-publish","hentry"],"_links":{"self":[{"href":"https:\/\/bel-educacion.com\/index.php\/wp-json\/wp\/v2\/pages\/305","targetHints":{"allow":["GET"]}}],"collection":[{"href":"https:\/\/bel-educacion.com\/index.php\/wp-json\/wp\/v2\/pages"}],"about":[{"href":"https:\/\/bel-educacion.com\/index.php\/wp-json\/wp\/v2\/types\/page"}],"author":[{"embeddable":true,"href":"https:\/\/bel-educacion.com\/index.php\/wp-json\/wp\/v2\/users\/1"}],"replies":[{"embeddable":true,"href":"https:\/\/bel-educacion.com\/index.php\/wp-json\/wp\/v2\/comments?post=305"}],"version-history":[{"count":9,"href":"https:\/\/bel-educacion.com\/index.php\/wp-json\/wp\/v2\/pages\/305\/revisions"}],"predecessor-version":[{"id":728,"href":"https:\/\/bel-educacion.com\/index.php\/wp-json\/wp\/v2\/pages\/305\/revisions\/728"}],"wp:attachment":[{"href":"https:\/\/bel-educacion.com\/index.php\/wp-json\/wp\/v2\/media?parent=305"}],"curies":[{"name":"wp","href":"https:\/\/api.w.org\/{rel}","templated":true}]}}