{"id":497,"date":"2023-07-06T23:51:31","date_gmt":"2023-07-06T23:51:31","guid":{"rendered":"https:\/\/bel-educacion.com\/?page_id=497"},"modified":"2023-07-18T00:00:04","modified_gmt":"2023-07-18T00:00:04","slug":"byl-global","status":"publish","type":"page","link":"https:\/\/bel-educacion.com\/index.php\/byl-global\/","title":{"rendered":"BYL GLOBAL"},"content":{"rendered":"<p>[et_pb_section fb_built=&#8221;1&#8243; inner_shadow=&#8221;on&#8221; admin_label=&#8221;Header&#8221; _builder_version=&#8221;4.7.7&#8243; _module_preset=&#8221;default&#8221; background_color=&#8221;#4449E0&#8243; background_image=&#8221;https:\/\/bel-educacion.com\/wp-content\/uploads\/2023\/06\/AAAA4Mesa-de-trabajo-12bn1.png&#8221; custom_padding=&#8221;69px||69px||true|false&#8221; collapsed=&#8221;on&#8221;][et_pb_row _builder_version=&#8221;4.7.7&#8243; _module_preset=&#8221;default&#8221; width=&#8221;90%&#8221; max_width=&#8221;1147px&#8221; custom_margin=&#8221;-46px|auto||auto||&#8221; custom_padding=&#8221;0px|||||&#8221;][et_pb_column type=&#8221;4_4&#8243; _builder_version=&#8221;4.19.2&#8243; _module_preset=&#8221;default&#8221;][et_pb_text _builder_version=&#8221;4.7.7&#8243; _module_preset=&#8221;c16985e1-e0d6-4022-964d-e2bfc04fa633&#8243; text_font=&#8221;Montserrat|||on|||||&#8221; text_font_size=&#8221;34px&#8221; text_line_height=&#8221;1.5em&#8221; header_font=&#8221;Montserrat||||||||&#8221; header_text_color=&#8221;#FFFFFF&#8221; header_font_size=&#8221;75px&#8221; header_line_height=&#8221;1.2em&#8221; text_orientation=&#8221;center&#8221; background_layout=&#8221;dark&#8221; custom_margin=&#8221;6px|||||&#8221; custom_padding=&#8221;0px|||||&#8221; header_font_size_tablet=&#8221;46px&#8221; header_font_size_phone=&#8221;32px&#8221; header_font_size_last_edited=&#8221;on|desktop&#8221;]BYL GLOBAL<\/p>\n<h1><\/h1>\n<p>[\/et_pb_text][et_pb_text _builder_version=&#8221;4.7.7&#8243; _module_preset=&#8221;1f09816e-184e-4ce5-a4cf-b39c52c423ca&#8221; text_text_color=&#8221;rgba(255,255,255,0.7)&#8221; text_font_size=&#8221;16px&#8221; text_line_height=&#8221;1.8em&#8221; text_orientation=&#8221;center&#8221; custom_margin=&#8221;-29px||-1px|||&#8221; text_font_size_tablet=&#8221;15px&#8221; text_font_size_phone=&#8221;14px&#8221; text_font_size_last_edited=&#8221;on|desktop&#8221; header_font_size_tablet=&#8221;55px&#8221; header_font_size_last_edited=&#8221;off|desktop&#8221;]La asesor\u00eda y liderazgo de BYL Global Education se enfoca en brindar orientaci\u00f3n estrat\u00e9gica y apoyo a instituciones educativas y l\u00edderes en el \u00e1mbito de la educaci\u00f3n a nivel global. Nuestro equipo de expertos trabaja en estrecha colaboraci\u00f3n con directivos, docentes y equipos administrativos para fortalecer la gesti\u00f3n educativa, fomentar el liderazgo efectivo y promover pr\u00e1cticas pedag\u00f3gicas innovadoras.<\/p>\n<p>&nbsp;[\/et_pb_text][et_pb_button button_text=&#8221;M\u00e1s informaci\u00f3n&#8221; _builder_version=&#8221;4.7.7&#8243; _module_preset=&#8221;default&#8221; button_url=&#8221;https:\/\/wa.link\/439vls&#8221; hover_enabled=&#8221;0&#8243; sticky_enabled=&#8221;0&#8243; custom_button=&#8221;on&#8221; button_text_color=&#8221;#ffffff&#8221; button_alignment=&#8221;center&#8221; button_text_size=&#8221;19px&#8221; button_bg_color=&#8221;#225baf&#8221; button_bg_enable_color=&#8221;on&#8221; button_bg_use_color_gradient=&#8221;on&#8221; button_bg_color_gradient_end=&#8221;rgba(135,168,193,0.37)&#8221;][\/et_pb_button][\/et_pb_column][\/et_pb_row][\/et_pb_section][et_pb_section fb_built=&#8221;1&#8243; admin_label=&#8221;Courses&#8221; _builder_version=&#8221;4.7.7&#8243; _module_preset=&#8221;default&#8221; background_color=&#8221;#F8FAFB&#8221; use_background_color_gradient=&#8221;on&#8221; background_color_gradient_start=&#8221;#ffffff&#8221; background_color_gradient_end=&#8221;#ffffff&#8221; locked=&#8221;off&#8221; collapsed=&#8221;on&#8221; custom_padding=&#8221;||8px|||&#8221;][et_pb_row column_structure=&#8221;1_2,1_2&#8243; custom_padding_last_edited=&#8221;on|tablet&#8221; _builder_version=&#8221;4.7.7&#8243; _module_preset=&#8221;default&#8221; custom_padding_tablet=&#8221;||0px||false|false&#8221; custom_padding_phone=&#8221;||0px||false|false&#8221;][et_pb_column type=&#8221;1_2&#8243; _builder_version=&#8221;4.7.7&#8243; _module_preset=&#8221;default&#8221; background_color=&#8221;#fcfcfc&#8221; custom_padding=&#8221;20px|20px|20px|20px|true|true&#8221; border_radii=&#8221;on|15px|15px|15px|15px&#8221;][et_pb_image src=&#8221;https:\/\/bel-educacion.com\/wp-content\/uploads\/2023\/07\/8504_33_muskiz_curso_liderazgo_deportivo.jpg&#8221; title_text=&#8221;8504_33_muskiz_curso_liderazgo_deportivo&#8221; align=&#8221;center&#8221; _builder_version=&#8221;4.7.7&#8243; _module_preset=&#8221;default&#8221; background_color=&#8221;#F8FAFB&#8221; min_height=&#8221;260px&#8221; height=&#8221;322px&#8221; max_height=&#8221;200px&#8221; custom_padding=&#8221;20px|20px|20px|20px|true|true&#8221;][\/et_pb_image][et_pb_text _builder_version=&#8221;4.7.7&#8243; _module_preset=&#8221;aaa7c440-590a-4078-ae0c-0f3c699ac51c&#8221; text_font=&#8221;Montserrat||||||||&#8221; text_font_size=&#8221;27px&#8221; header_font=&#8221;||||||||&#8221; header_3_font=&#8221;Poppins|700|||||||&#8221; header_3_font_size=&#8221;30px&#8221; header_3_line_height=&#8221;1.4em&#8221; custom_margin=&#8221;||0px||false|false&#8221; header_3_font_size_tablet=&#8221;20px&#8221; header_3_font_size_phone=&#8221;16px&#8221; header_3_font_size_last_edited=&#8221;on|desktop&#8221;]Asesor\u00eda en temas de gesti\u00f3n y el liderazgo deportivo[\/et_pb_text][et_pb_text _builder_version=&#8221;4.7.7&#8243; _module_preset=&#8221;4c43b4b6-66bf-432d-959a-705bda24a650&#8243; text_line_height=&#8221;1.6em&#8221; custom_margin=&#8221;15px|||0px|false|false&#8221; header_font_size_tablet=&#8221;55px&#8221; header_font_size_last_edited=&#8221;off|desktop&#8221;]<span>La asesor\u00eda en temas de gesti\u00f3n y liderazgo deportivo proporciona orientaci\u00f3n y apoyo a profesionales, equipos y organizaciones del \u00e1mbito deportivo para mejorar su rendimiento. Ayuda a desarrollar habilidades de liderazgo, estrategias de gesti\u00f3n efectivas, toma de decisiones acertadas y fomento de un entorno de trabajo positivo y motivador. El asesoramiento abarca desde la planificaci\u00f3n estrat\u00e9gica, gesti\u00f3n de recursos, desarrollo de talento, hasta la creaci\u00f3n de una cultura organizacional s\u00f3lida y orientada al \u00e9xito.<\/span>[\/et_pb_text][\/et_pb_column][et_pb_column type=&#8221;1_2&#8243; _builder_version=&#8221;4.7.7&#8243; _module_preset=&#8221;default&#8221; background_color=&#8221;#fcfcfc&#8221; custom_padding=&#8221;20px|20px|20px|20px|true|true&#8221; border_radii=&#8221;on|15px|15px|15px|15px&#8221;][et_pb_image src=&#8221;https:\/\/bel-educacion.com\/wp-content\/uploads\/2023\/07\/000472090W-1.png&#8221; title_text=&#8221;000472090W (1)&#8221; align=&#8221;center&#8221; _builder_version=&#8221;4.7.7&#8243; _module_preset=&#8221;default&#8221; background_color=&#8221;#F8FAFB&#8221; min_height=&#8221;260px&#8221; height=&#8221;322px&#8221; max_height=&#8221;200px&#8221; custom_padding=&#8221;20px|20px|20px|20px|true|true&#8221;][\/et_pb_image][et_pb_text _builder_version=&#8221;4.7.7&#8243; _module_preset=&#8221;aaa7c440-590a-4078-ae0c-0f3c699ac51c&#8221; text_font=&#8221;Montserrat||||||||&#8221; text_font_size=&#8221;27px&#8221; text_line_height=&#8221;1em&#8221; header_font=&#8221;||||||||&#8221; header_3_font=&#8221;Poppins|700|||||||&#8221; header_3_font_size=&#8221;30px&#8221; header_3_line_height=&#8221;1.4em&#8221; custom_margin=&#8221;||0px||false|false&#8221; header_3_font_size_tablet=&#8221;20px&#8221; header_3_font_size_phone=&#8221;16px&#8221; header_3_font_size_last_edited=&#8221;on|desktop&#8221;]Talleres y seminarios para mejorar sus habilidades y conocimientos en \u00e1reas espec\u00edficas del deporte y la actividad f\u00edsica[\/et_pb_text][et_pb_text _builder_version=&#8221;4.7.7&#8243; _module_preset=&#8221;4c43b4b6-66bf-432d-959a-705bda24a650&#8243; text_line_height=&#8221;1.6em&#8221; custom_margin=&#8221;15px|||0px|false|false&#8221; header_font_size_tablet=&#8221;55px&#8221; header_font_size_last_edited=&#8221;off|desktop&#8221;]<span>La asesor\u00eda en temas de gesti\u00f3n y liderazgo Nuestros talleres y seminarios est\u00e1n dise\u00f1ados para brindar a los participantes la oportunidad de mejorar sus habilidades y conocimientos en \u00e1reas espec\u00edficas del deporte y la actividad f\u00edsica. Con un enfoque pr\u00e1ctico y basado en la experiencia, nuestros expertos facilitadores ofrecen sesiones interactivas y din\u00e1micas que permiten a los asistentes adquirir nuevos conocimientos, desarrollar habilidades t\u00e9cnicas y estrat\u00e9gicas, y explorar las \u00faltimas tendencias y pr\u00e1cticas en el \u00e1mbito deportivo.<\/span>[\/et_pb_text][\/et_pb_column][\/et_pb_row][et_pb_row column_structure=&#8221;1_2,1_2&#8243; custom_padding_last_edited=&#8221;on|tablet&#8221; _builder_version=&#8221;4.7.7&#8243; _module_preset=&#8221;default&#8221; custom_padding_tablet=&#8221;||0px||false|false&#8221; custom_padding_phone=&#8221;||0px||false|false&#8221;][et_pb_column type=&#8221;1_2&#8243; _builder_version=&#8221;4.7.7&#8243; _module_preset=&#8221;default&#8221; background_color=&#8221;#fcfcfc&#8221; custom_padding=&#8221;20px|20px|20px|20px|true|true&#8221; border_radii=&#8221;on|15px|15px|15px|15px&#8221;][et_pb_image src=&#8221;https:\/\/bel-educacion.com\/wp-content\/uploads\/2023\/07\/457748-1.png&#8221; title_text=&#8221;457748 (1)&#8221; align=&#8221;center&#8221; force_fullwidth=&#8221;on&#8221; _builder_version=&#8221;4.7.7&#8243; _module_preset=&#8221;default&#8221; background_color=&#8221;#F8FAFB&#8221; min_height=&#8221;260px&#8221; height=&#8221;322px&#8221; max_height=&#8221;297px&#8221; custom_padding=&#8221;20px|20px|20px|20px|true|true&#8221;][\/et_pb_image][et_pb_text _builder_version=&#8221;4.7.7&#8243; _module_preset=&#8221;aaa7c440-590a-4078-ae0c-0f3c699ac51c&#8221; text_font=&#8221;Montserrat||||||||&#8221; text_font_size=&#8221;27px&#8221; header_font=&#8221;||||||||&#8221; header_3_font=&#8221;Poppins|700|||||||&#8221; header_3_font_size=&#8221;30px&#8221; header_3_line_height=&#8221;1.4em&#8221; custom_margin=&#8221;||0px||false|false&#8221; header_3_font_size_tablet=&#8221;20px&#8221; header_3_font_size_phone=&#8221;16px&#8221; header_3_font_size_last_edited=&#8221;on|desktop&#8221;]Webinarios internacionales[\/et_pb_text][et_pb_text _builder_version=&#8221;4.7.7&#8243; _module_preset=&#8221;4c43b4b6-66bf-432d-959a-705bda24a650&#8243; text_line_height=&#8221;1.6em&#8221; custom_margin=&#8221;15px|||0px|false|false&#8221; header_font_size_tablet=&#8221;55px&#8221; header_font_size_last_edited=&#8221;off|desktop&#8221;]<\/p>\n<div class=\"flex-1 overflow-hidden\">\n<div class=\"react-scroll-to-bottom--css-swood-79elbk h-full dark:bg-gray-800\">\n<div class=\"react-scroll-to-bottom--css-swood-1n7m0yu\">\n<div class=\"flex flex-col text-sm dark:bg-gray-800\">\n<div class=\"group w-full text-gray-800 dark:text-gray-100 border-b border-black\/10 dark:border-gray-900\/50 bg-gray-50 dark:bg-[#444654]\">\n<div class=\"flex p-4 gap-4 text-base md:gap-6 md:max-w-2xl lg:max-w-[38rem] xl:max-w-3xl md:py-6 lg:px-0 m-auto\">\n<div class=\"relative flex w-[calc(100%-50px)] flex-col gap-1 md:gap-3 lg:w-[calc(100%-115px)]\">\n<div class=\"flex flex-grow flex-col gap-3\">\n<div class=\"min-h-[20px] flex items-start overflow-x-auto whitespace-pre-wrap break-words flex-col gap-4\">\n<div class=\"markdown prose w-full break-words dark:prose-invert light\">\n<p>Nuestros webinarios se llevan a cabo en un ambiente virtual accesible desde cualquier parte del mundo, lo que permite la participaci\u00f3n de entrenadores, preparadores f\u00edsicos, profesionales de la salud y cualquier persona interesada en ampliar sus conocimientos en el campo del entrenamiento deportivo. Los participantes tienen la oportunidad de interactuar con los expertos a trav\u00e9s de preguntas y respuestas en tiempo real, lo que enriquece a\u00fan m\u00e1s la experiencia de aprendizaje.<\/p>\n<p>Nuestro objetivo es brindar a los participantes la informaci\u00f3n m\u00e1s actualizada y relevante en el campo del entrenamiento deportivo, ayud\u00e1ndoles a mejorar sus habilidades y conocimientos para maximizar el rendimiento de los atletas y equipos. Los webinarios internacionales son una oportunidad \u00fanica para aprender de los mejores profesionales del deporte y conectarse con una comunidad global de apasionados del entrenamiento deportivo.<\/p>\n<\/div>\n<\/div>\n<\/div>\n<\/div>\n<\/div>\n<\/div>\n<\/div>\n<\/div>\n<\/div>\n<\/div>\n<div class=\"absolute bottom-0 left-0 w-full border-t md:border-t-0 dark:border-white\/20 md:border-transparent md:dark:border-transparent md:bg-vert-light-gradient bg-white dark:bg-gray-800 md:!bg-transparent dark:md:bg-vert-dark-gradient pt-2 md:pl-2 md:w-[calc(100%-.5rem)]\">\n<form class=\"stretch mx-2 flex flex-row gap-3 last:mb-2 md:mx-4 md:last:mb-6 lg:mx-auto lg:max-w-2xl xl:max-w-3xl\">\n<div class=\"relative flex h-full flex-1 items-stretch md:flex-col\" role=\"presentation\">\n<div class=\"\">\n<div class=\"h-full flex ml-1 md:w-full md:m-auto md:mb-2 gap-0 md:gap-2 justify-center\"><\/div>\n<\/div>\n<\/div>\n<\/form>\n<\/div>\n<p>[\/et_pb_text][\/et_pb_column][et_pb_column type=&#8221;1_2&#8243; _builder_version=&#8221;4.7.7&#8243; _module_preset=&#8221;default&#8221; background_color=&#8221;#fcfcfc&#8221; custom_padding=&#8221;20px|20px|20px|20px|true|true&#8221; border_radii=&#8221;on|15px|15px|15px|15px&#8221;][et_pb_image src=&#8221;https:\/\/bel-educacion.com\/wp-content\/uploads\/2023\/07\/3_1629994644-que-es-una-convencion-1.jpg&#8221; title_text=&#8221;3_1629994644-que-es-una-convencion (1)&#8221; align=&#8221;center&#8221; _builder_version=&#8221;4.7.7&#8243; _module_preset=&#8221;default&#8221; background_color=&#8221;#F8FAFB&#8221; min_height=&#8221;260px&#8221; height=&#8221;322px&#8221; max_height=&#8221;200px&#8221; custom_margin=&#8221;6px|||||&#8221; custom_padding=&#8221;20px|20px|20px|20px|true|true&#8221;][\/et_pb_image][et_pb_text _builder_version=&#8221;4.7.7&#8243; _module_preset=&#8221;aaa7c440-590a-4078-ae0c-0f3c699ac51c&#8221; text_font=&#8221;Montserrat||||||||&#8221; text_font_size=&#8221;27px&#8221; header_font=&#8221;||||||||&#8221; header_3_font=&#8221;Poppins|700|||||||&#8221; header_3_font_size=&#8221;30px&#8221; header_3_line_height=&#8221;1.4em&#8221; custom_margin=&#8221;||0px||false|false&#8221; header_3_font_size_tablet=&#8221;20px&#8221; header_3_font_size_phone=&#8221;16px&#8221; header_3_font_size_last_edited=&#8221;on|desktop&#8221;]Masterclass[\/et_pb_text][et_pb_text _builder_version=&#8221;4.7.7&#8243; _module_preset=&#8221;4c43b4b6-66bf-432d-959a-705bda24a650&#8243; text_line_height=&#8221;1.6em&#8221; custom_margin=&#8221;15px|||0px|false|false&#8221; header_font_size_tablet=&#8221;55px&#8221; header_font_size_last_edited=&#8221;off|desktop&#8221;]<span>La asesor\u00eda en temas de gesti\u00f3n y liderazgo deportivo proporciona orientaci\u00f3n y apoyo a profesionales, equipos y organizaciones del \u00e1mbito deportivo para mejorar su rendimiento. Ayuda a desarrollar habilidades de liderazgo, estrategias de gesti\u00f3n efectivas, toma de decisiones acertadas y fomento de un entorno de trabajo positivo y motivador. El asesoramiento abarca desde la planificaci\u00f3n estrat\u00e9gica, gesti\u00f3n de recursos, desarrollo de talento, hasta la creaci\u00f3n de una cultura organizacional s\u00f3lida y orientada al \u00e9xito.<\/span>[\/et_pb_text][\/et_pb_column][\/et_pb_row][\/et_pb_section][et_pb_section fb_built=&#8221;1&#8243; _builder_version=&#8221;4.7.7&#8243; _module_preset=&#8221;default&#8221; custom_padding=&#8221;14px|||||&#8221;][et_pb_row _builder_version=&#8221;4.7.7&#8243; _module_preset=&#8221;default&#8221;][et_pb_column _builder_version=&#8221;4.7.7&#8243; _module_preset=&#8221;default&#8221; type=&#8221;4_4&#8243;][et_pb_contact_form _builder_version=&#8221;4.7.7&#8243; _module_preset=&#8221;default&#8221; custom_message=&#8221;Nombre %%Name%%||et_pb_line_break_holder||Direcci\u00f3n de correo electr\u00f3nico: %%Email%%||et_pb_line_break_holder||Tel\u00e9fono: %%Tel\u00e9fono%%||et_pb_line_break_holder||Mensaje: %%Message%%&#8221; hover_enabled=&#8221;0&#8243; sticky_enabled=&#8221;0&#8243;][et_pb_contact_field field_id=&#8221;Name&#8221; field_title=&#8221;Nombre&#8221; _builder_version=&#8221;3.16&#8243; button_text_size__hover_enabled=&#8221;off&#8221; button_one_text_size__hover_enabled=&#8221;off&#8221; button_two_text_size__hover_enabled=&#8221;off&#8221; button_text_color__hover_enabled=&#8221;off&#8221; button_one_text_color__hover_enabled=&#8221;off&#8221; button_two_text_color__hover_enabled=&#8221;off&#8221; button_border_width__hover_enabled=&#8221;off&#8221; button_one_border_width__hover_enabled=&#8221;off&#8221; button_two_border_width__hover_enabled=&#8221;off&#8221; button_border_color__hover_enabled=&#8221;off&#8221; button_one_border_color__hover_enabled=&#8221;off&#8221; button_two_border_color__hover_enabled=&#8221;off&#8221; button_border_radius__hover_enabled=&#8221;off&#8221; button_one_border_radius__hover_enabled=&#8221;off&#8221; button_two_border_radius__hover_enabled=&#8221;off&#8221; button_letter_spacing__hover_enabled=&#8221;off&#8221; button_one_letter_spacing__hover_enabled=&#8221;off&#8221; button_two_letter_spacing__hover_enabled=&#8221;off&#8221; button_bg_color__hover_enabled=&#8221;off&#8221; button_one_bg_color__hover_enabled=&#8221;off&#8221; button_two_bg_color__hover_enabled=&#8221;off&#8221;][\/et_pb_contact_field][et_pb_contact_field field_id=&#8221;Email&#8221; field_title=&#8221;Direcci\u00f3n de correo electr\u00f3nico&#8221; field_type=&#8221;email&#8221; _builder_version=&#8221;3.16&#8243; button_text_size__hover_enabled=&#8221;off&#8221; button_one_text_size__hover_enabled=&#8221;off&#8221; button_two_text_size__hover_enabled=&#8221;off&#8221; button_text_color__hover_enabled=&#8221;off&#8221; button_one_text_color__hover_enabled=&#8221;off&#8221; button_two_text_color__hover_enabled=&#8221;off&#8221; button_border_width__hover_enabled=&#8221;off&#8221; button_one_border_width__hover_enabled=&#8221;off&#8221; button_two_border_width__hover_enabled=&#8221;off&#8221; button_border_color__hover_enabled=&#8221;off&#8221; button_one_border_color__hover_enabled=&#8221;off&#8221; button_two_border_color__hover_enabled=&#8221;off&#8221; button_border_radius__hover_enabled=&#8221;off&#8221; button_one_border_radius__hover_enabled=&#8221;off&#8221; button_two_border_radius__hover_enabled=&#8221;off&#8221; button_letter_spacing__hover_enabled=&#8221;off&#8221; button_one_letter_spacing__hover_enabled=&#8221;off&#8221; button_two_letter_spacing__hover_enabled=&#8221;off&#8221; button_bg_color__hover_enabled=&#8221;off&#8221; button_one_bg_color__hover_enabled=&#8221;off&#8221; button_two_bg_color__hover_enabled=&#8221;off&#8221;][\/et_pb_contact_field][et_pb_contact_field fullwidth_field=&#8221;on&#8221; _builder_version=&#8221;4.7.7&#8243; _module_preset=&#8221;default&#8221; field_id=&#8221;Tel\u00e9fono&#8221; field_title=&#8221;Tel\u00e9fono&#8221; hover_enabled=&#8221;0&#8243; sticky_enabled=&#8221;0&#8243;][\/et_pb_contact_field][et_pb_contact_field field_id=&#8221;Message&#8221; field_title=&#8221;Mensaje&#8221; field_type=&#8221;text&#8221; fullwidth_field=&#8221;on&#8221; _builder_version=&#8221;3.16&#8243; button_text_size__hover_enabled=&#8221;off&#8221; button_one_text_size__hover_enabled=&#8221;off&#8221; button_two_text_size__hover_enabled=&#8221;off&#8221; button_text_color__hover_enabled=&#8221;off&#8221; button_one_text_color__hover_enabled=&#8221;off&#8221; button_two_text_color__hover_enabled=&#8221;off&#8221; button_border_width__hover_enabled=&#8221;off&#8221; button_one_border_width__hover_enabled=&#8221;off&#8221; button_two_border_width__hover_enabled=&#8221;off&#8221; button_border_color__hover_enabled=&#8221;off&#8221; button_one_border_color__hover_enabled=&#8221;off&#8221; button_two_border_color__hover_enabled=&#8221;off&#8221; button_border_radius__hover_enabled=&#8221;off&#8221; button_one_border_radius__hover_enabled=&#8221;off&#8221; button_two_border_radius__hover_enabled=&#8221;off&#8221; button_letter_spacing__hover_enabled=&#8221;off&#8221; button_one_letter_spacing__hover_enabled=&#8221;off&#8221; button_two_letter_spacing__hover_enabled=&#8221;off&#8221; button_bg_color__hover_enabled=&#8221;off&#8221; button_one_bg_color__hover_enabled=&#8221;off&#8221; button_two_bg_color__hover_enabled=&#8221;off&#8221;][\/et_pb_contact_field][\/et_pb_contact_form][\/et_pb_column][\/et_pb_row][\/et_pb_section][et_pb_section fb_built=&#8221;1&#8243; admin_label=&#8221;Call to Action&#8221; _builder_version=&#8221;4.7.7&#8243; _module_preset=&#8221;default&#8221; background_color=&#8221;#e8590a&#8221; saved_tabs=&#8221;all&#8221; locked=&#8221;off&#8221; collapsed=&#8221;on&#8221;][et_pb_row _builder_version=&#8221;4.7.7&#8243; _module_preset=&#8221;default&#8221; max_width=&#8221;984px&#8221; locked=&#8221;off&#8221;][et_pb_column type=&#8221;4_4&#8243; _builder_version=&#8221;4.7.7&#8243; _module_preset=&#8221;default&#8221;][et_pb_text _builder_version=&#8221;4.7.7&#8243; _module_preset=&#8221;93790cc6-531f-4085-a354-39071faf6f52&#8243; text_font=&#8221;Montserrat||||||||&#8221; text_text_color=&#8221;#ffffff&#8221; header_font=&#8221;Montserrat||||||||&#8221; header_text_align=&#8221;center&#8221; header_font_size=&#8221;38px&#8221; header_5_font=&#8221;Poppins|700|||||||&#8221; header_5_text_color=&#8221;#FFFFFF&#8221; header_5_font_size=&#8221;19px&#8221; header_5_line_height=&#8221;1.4em&#8221; text_orientation=&#8221;center&#8221; background_layout=&#8221;dark&#8221; header_5_font_size_tablet=&#8221;15px&#8221; header_5_font_size_phone=&#8221;14px&#8221; header_5_font_size_last_edited=&#8221;on|desktop&#8221; locked=&#8221;off&#8221;]<\/p>\n<h2>ALCANZA TUS METAS CON BYL GLOBAL EDUCATION<\/h2>\n<p>[\/et_pb_text][et_pb_text _builder_version=&#8221;4.7.7&#8243; _module_preset=&#8221;1f09816e-184e-4ce5-a4cf-b39c52c423ca&#8221; text_text_color=&#8221;rgba(255,255,255,0.7)&#8221; text_font_size=&#8221;16px&#8221; text_line_height=&#8221;1.8em&#8221; text_orientation=&#8221;center&#8221; text_font_size_tablet=&#8221;15px&#8221; text_font_size_phone=&#8221;14px&#8221; text_font_size_last_edited=&#8221;on|desktop&#8221; header_font_size_tablet=&#8221;55px&#8221; header_font_size_last_edited=&#8221;off|desktop&#8221;]En BYL, creemos en la educaci\u00f3n accesible para todos. Nuestra plataforma en l\u00ednea te permite estudiar a tu propio ritmo y desde cualquier lugar. Adem\u00e1s, contar\u00e1s con el apoyo de nuestra comunidad de estudiantes y mentores, quienes te acompa\u00f1ar\u00e1n en tu camino hacia el \u00e9xito.<\/p>\n<p>No dejes que las oportunidades pasen de largo. Descubre el mundo de posibilidades que puedes lograr con los cursos y programas de BYL. \u00a1\u00danete a nuestra comunidad de aprendizaje y desbloquea tu m\u00e1ximo potencial hoy mismo![\/et_pb_text][\/et_pb_column][\/et_pb_row][\/et_pb_section]<\/p>\n","protected":false},"excerpt":{"rendered":"<p>[et_pb_section fb_built=&#8221;1&#8243; inner_shadow=&#8221;on&#8221; admin_label=&#8221;Header&#8221; _builder_version=&#8221;4.7.7&#8243; _module_preset=&#8221;default&#8221; background_color=&#8221;#4449E0&#8243; background_image=&#8221;https:\/\/bel-educacion.com\/wp-content\/uploads\/2023\/06\/AAAA4Mesa-de-trabajo-12bn1.png&#8221; custom_padding=&#8221;69px||69px||true|false&#8221; collapsed=&#8221;on&#8221;][et_pb_row _builder_version=&#8221;4.7.7&#8243; _module_preset=&#8221;default&#8221; width=&#8221;90%&#8221; max_width=&#8221;1147px&#8221; custom_margin=&#8221;-46px|auto||auto||&#8221; custom_padding=&#8221;0px|||||&#8221;][et_pb_column type=&#8221;4_4&#8243; _builder_version=&#8221;4.19.2&#8243; _module_preset=&#8221;default&#8221;][et_pb_text _builder_version=&#8221;4.7.7&#8243; _module_preset=&#8221;c16985e1-e0d6-4022-964d-e2bfc04fa633&#8243; text_font=&#8221;Montserrat|||on|||||&#8221; text_font_size=&#8221;34px&#8221; text_line_height=&#8221;1.5em&#8221; header_font=&#8221;Montserrat||||||||&#8221; header_text_color=&#8221;#FFFFFF&#8221; header_font_size=&#8221;75px&#8221; header_line_height=&#8221;1.2em&#8221; text_orientation=&#8221;center&#8221; background_layout=&#8221;dark&#8221; custom_margin=&#8221;6px|||||&#8221; custom_padding=&#8221;0px|||||&#8221; header_font_size_tablet=&#8221;46px&#8221; header_font_size_phone=&#8221;32px&#8221; header_font_size_last_edited=&#8221;on|desktop&#8221;]BYL GLOBAL [\/et_pb_text][et_pb_text _builder_version=&#8221;4.7.7&#8243; _module_preset=&#8221;1f09816e-184e-4ce5-a4cf-b39c52c423ca&#8221; text_text_color=&#8221;rgba(255,255,255,0.7)&#8221; text_font_size=&#8221;16px&#8221; text_line_height=&#8221;1.8em&#8221; text_orientation=&#8221;center&#8221; custom_margin=&#8221;-29px||-1px|||&#8221; text_font_size_tablet=&#8221;15px&#8221; text_font_size_phone=&#8221;14px&#8221; text_font_size_last_edited=&#8221;on|desktop&#8221; header_font_size_tablet=&#8221;55px&#8221; header_font_size_last_edited=&#8221;off|desktop&#8221;]La asesor\u00eda y liderazgo de BYL Global [&hellip;]<\/p>\n","protected":false},"author":1,"featured_media":0,"parent":0,"menu_order":0,"comment_status":"closed","ping_status":"closed","template":"","meta":{"_et_pb_use_builder":"on","_et_pb_old_content":"","_et_gb_content_width":"","footnotes":""},"class_list":["post-497","page","type-page","status-publish","hentry"],"_links":{"self":[{"href":"https:\/\/bel-educacion.com\/index.php\/wp-json\/wp\/v2\/pages\/497","targetHints":{"allow":["GET"]}}],"collection":[{"href":"https:\/\/bel-educacion.com\/index.php\/wp-json\/wp\/v2\/pages"}],"about":[{"href":"https:\/\/bel-educacion.com\/index.php\/wp-json\/wp\/v2\/types\/page"}],"author":[{"embeddable":true,"href":"https:\/\/bel-educacion.com\/index.php\/wp-json\/wp\/v2\/users\/1"}],"replies":[{"embeddable":true,"href":"https:\/\/bel-educacion.com\/index.php\/wp-json\/wp\/v2\/comments?post=497"}],"version-history":[{"count":15,"href":"https:\/\/bel-educacion.com\/index.php\/wp-json\/wp\/v2\/pages\/497\/revisions"}],"predecessor-version":[{"id":704,"href":"https:\/\/bel-educacion.com\/index.php\/wp-json\/wp\/v2\/pages\/497\/revisions\/704"}],"wp:attachment":[{"href":"https:\/\/bel-educacion.com\/index.php\/wp-json\/wp\/v2\/media?parent=497"}],"curies":[{"name":"wp","href":"https:\/\/api.w.org\/{rel}","templated":true}]}}